{"id":6177,"date":"2022-06-15T13:55:08","date_gmt":"2022-06-15T11:55:08","guid":{"rendered":"https:\/\/www.westoccasion.fr\/notas-legales\/"},"modified":"2022-07-18T12:50:26","modified_gmt":"2022-07-18T10:50:26","slug":"notas-legales","status":"publish","type":"page","link":"https:\/\/www.westoccasion.fr\/es\/notas-legales\/","title":{"rendered":"Notas legales"},"content":{"rendered":"\n<p>El usuario declara haber le\u00eddo la informaci\u00f3n anterior antes de visitar el sitio www.westoccasion.com. Al elegir acceder al sitio, el usuario acepta expresa e irrevocablemente los t\u00e9rminos a continuaci\u00f3n.<\/p>\n\n<h4 class=\"wp-block-heading\">Direcci\u00f3n completa :<\/h4>\n\n<p>ZA de la Terrais 2<br\/>CS19006<br\/>35590 L\u2019HERMITAGE<br\/>T\u00e9l : +332 99 78 65 65 <\/p>\n\n<h4 class=\"wp-block-heading\">Edici\u00f3n \/ Publicaci\u00f3n del sitio:<\/h4>\n\n<p>Nombre de la empresa: AMAX<br\/>Siret : 669 200 784 00124<br\/>APE : 4661Z<\/p>\n\n<p>Responsable de la publicaci\u00f3n: Herv\u00e9 K\u00c9RIVEL<br\/>Responsable editorial: PAPE Marina<\/p>\n\n<h4 class=\"wp-block-heading\"><strong>Alojamiento <\/strong>: <\/h4>\n\n<p>Terre-Net<\/p>\n\n<ol class=\"wp-block-list\" type=\"1\"><li>Contenido del Sitio<\/li><\/ol>\n\n<p>Contenido del Sitio El sitio web www.westoccasion.com est\u00e1 alojado en Terre-Net y es propiedad exclusiva de AMAX. Fue dise\u00f1ado y producido por Terre-Net. La consulta del sitio est\u00e1 sujeta a la plena aceptaci\u00f3n y cumplimiento por parte de los usuarios de Internet de las siguientes condiciones de uso. El usuario de Internet ya acepta que la informaci\u00f3n contenida en el sitio sea para uso personal y no comercial. En caso de incumplimiento de las disposiciones de esta carta, por parte del usuario de Internet, se podr\u00e1 incurrir en su responsabilidad civil y\/o penal.<\/p>\n\n<ul class=\"wp-block-list\"><li>Propiedad intelectual<\/li><\/ul>\n\n<p>El sitio constituye una obra de la cual la marca WEST OCCASION y la empresa AMAX son los autores en el sentido de los art\u00edculos L111.1 y siguientes del c\u00f3digo de propiedad intelectual.<\/p>\n\n<p>En general, los datos, programas, textos, informaci\u00f3n, logotipos, identidades visuales, im\u00e1genes animadas o fijas, ilustraciones, pictogramas y sus dise\u00f1os que aparecen en el sitio son propiedad de AMAX y est\u00e1n protegidos como tales por las disposiciones de la Propiedad Intelectual. C\u00f3digo.<\/p>\n\n<p>Todos los usuarios de Internet se comprometen a no utilizarlos ya no permitir que nadie utilice estos contenidos con fines ilegales.<\/p>\n\n<p>Cualquier representaci\u00f3n o reproducci\u00f3n, total o parcial, permanente o temporal, en soporte inform\u00e1tico y\/o en papel, y por cualquier procedimiento, de uno u otro de los elementos del sitio o de los servicios puestos a la venta, sin la previa y expresa acuerdo de AMAX est\u00e1 prohibido y constituye un acto de falsificaci\u00f3n, que puede dar lugar a sanciones civiles y\/o penales. S\u00f3lo se autoriza la impresi\u00f3n en papel a efectos de copia privada para uso exclusivo del copista en el sentido del art\u00edculo L122-5 2 del C\u00f3digo de la Propiedad Intelectual. No se podr\u00e1 instalar ning\u00fan enlace de hipertexto al sitio sin el consentimiento previo y expreso de AMAX.<\/p>\n\n<p>Aucun lien hypertexte vers le site ne peut \u00eatre install\u00e9 sans l\u2019accord pr\u00e9alable et expr\u00e8s de AMAX.<\/p>\n\n<p>  3. Protecci\u00f3n de datos personales<\/p>\n\n<p>Al usuario de Internet se le puede solicitar que env\u00ede ciertos datos personales respondiendo a los formularios que se le ofrecen La entrada de estos datos es necesaria para el procesamiento de la solicitud del usuario de Internet, por parte de AMAX.<\/p>\n\n<p>AMAX se compromete a cumplir con las disposiciones de la Ley N\u00b0 78-17 del 6 de enero de 1978 relativas al procesamiento de datos (declaraci\u00f3n CNIL 2169923v0), archivos y libertades modificadas y a tomar todas las precauciones necesarias para preservar la seguridad de la informaci\u00f3n personal confiada. No se comunicar\u00e1n datos personales a terceras empresas sin el consentimiento previo e informado del usuario de Internet.<\/p>\n\n<p>  4. Informaci\u00f3n relativa a las cookies de navegaci\u00f3n<\/p>\n\n<p>Es probable que coloquemos una cookie en su computadora. Una cookie no nos permite identificarlo; por otro lado, registra informaci\u00f3n relacionada con la navegaci\u00f3n de su computadora en nuestro sitio (las p\u00e1ginas que ha consultado, la fecha y hora de la consulta, etc.) que podemos leer durante sus visitas posteriores. La vida \u00fatil de esta informaci\u00f3n en su computadora es de 1 a\u00f1o.<\/p>\n\n<p>Le informamos que puede oponerse al registro de cookies configurando su navegador de la siguiente manera:<\/p>\n\n<p>Para Microsoft Internet Explorer \u2013 Versiones 7 y 8:<\/p>\n\n<ul class=\"wp-block-list\"><li>\u00b7Seleccione el men\u00fa \u00abHerramientas\u00bb, luego \u00abOpciones de Internet\u00bb.<\/li><li>Haga clic en la pesta\u00f1a \u00abPrivacidad\u00bb.<\/li><li>\u00b7Seleccione el nivel deseado usando el control deslizante.<\/li><\/ul>\n\n<p>Para Firefox:<\/p>\n\n<ul class=\"wp-block-list\"><li>Haga clic en Herramientas &gt; Opciones (Windows) o Preferencias (Mac)<\/li><li>Seleccione la pesta\u00f1a Privacidad<\/li><li>Marque Aceptar cookies<\/li><\/ul>\n\n<p>Las funciones de Google Analytics para anunciantes gr\u00e1ficos se pueden activar para este sitio (Remarketing).<br\/>Google utiliza cookies para publicar nuestros anuncios en sus sitios de la Red de Display.<br\/>Gracias a la cookie de DoubleClick, Google adapta los anuncios que se sirven a los usuarios en funci\u00f3n de su navegaci\u00f3n en nuestro sitio.<br\/>Puede optar por no usar esta funci\u00f3n yendo al Administrador de preferencias de anuncios. (lien vers =&gt; <a href=\"https:\/\/www.google.com\/settings\/u\/0\/ads\">https:\/\/www.google.com\/settings\/u\/0\/ads<\/a>)<\/p>\n\n<p>  5. Responsabilidad<\/p>\n\n<p>AMAX declina toda responsabilidad por cualquier mal funcionamiento que pueda ocurrir en el sitio y que provoque la p\u00e9rdida de datos o la imposibilidad de acceder a la informaci\u00f3n que se produce en \u00e9l Los elementos presentados en el sitio est\u00e1n sujetos a cambios sin previo aviso y se actualizan.<\/p>\n\n<p>La presencia de enlaces de hipertexto presentes en el sitio &#8211; independientemente de la existencia previa o no del acuerdo de AMAX &#8211; no crea responsabilidad solidaria entre esta \u00faltima y los propietarios de los otros sitios, en cuanto al contenido de los sitios en los que el usuario de Internet es redirigido.<\/p>\n\n<p>AMAX no puede garantizar la integridad y veracidad de la informaci\u00f3n presente en el sitio Del mismo modo, no puede garantizar la inexistencia de modificaci\u00f3n por parte de un tercero (intrusi\u00f3n, virus). Asimismo, el usuario de Internet es el \u00fanico responsable del uso que haga de los contenidos del sitio. Excepto por culpa grave exclusiva de AMAX, \u00e9sta no puede ser considerada responsable por da\u00f1os directos o indirectos relacionados con el uso de la informaci\u00f3n producida en el sitio.<\/p>\n\n<p>  6. Ley aplicable y jurisdicci\u00f3n<\/p>\n\n<p>Toda la informaci\u00f3n difundida en el sitio y el uso que se haga de \u00e9l est\u00e1n sujetos exclusivamente a la ley francesa. Solo los tribunales dentro de la jurisdicci\u00f3n del Tribunal de Apelaci\u00f3n de Rennes son competentes para conocer de cualquier disputa relacionada con el uso del sitio.<\/p>\n","protected":false},"excerpt":{"rendered":"<p>El usuario declara haber le\u00eddo la informaci\u00f3n anterior antes de visitar el sitio www.westoccasion.com. Al elegir acceder al sitio, el [&hellip;]<\/p>\n","protected":false},"author":2,"featured_media":0,"parent":0,"menu_order":0,"comment_status":"closed","ping_status":"closed","template":"tpl-full.php","meta":{"_acf_changed":false,"footnotes":""},"class_list":["post-6177","page","type-page","status-publish","hentry"],"acf":[],"yoast_head":"<!-- This site is optimized with the Yoast SEO plugin v27.4 - https:\/\/yoast.com\/product\/yoast-seo-wordpress\/ -->\n<title>Notas legales - West Occasion<\/title>\n<meta name=\"robots\" content=\"index, follow, max-snippet:-1, max-image-preview:large, max-video-preview:-1\" \/>\n<link rel=\"canonical\" href=\"https:\/\/www.westoccasion.fr\/es\/notas-legales\/\" \/>\n<meta property=\"og:locale\" content=\"es_ES\" \/>\n<meta property=\"og:type\" content=\"article\" \/>\n<meta property=\"og:title\" content=\"Notas legales - West Occasion\" \/>\n<meta property=\"og:description\" content=\"El usuario declara haber le\u00eddo la informaci\u00f3n anterior antes de visitar el sitio www.westoccasion.com. Al elegir acceder al sitio, el [&hellip;]\" \/>\n<meta property=\"og:url\" content=\"https:\/\/www.westoccasion.fr\/es\/notas-legales\/\" \/>\n<meta property=\"og:site_name\" content=\"West Occasion\" \/>\n<meta property=\"article:modified_time\" content=\"2022-07-18T10:50:26+00:00\" \/>\n<meta name=\"twitter:card\" content=\"summary_large_image\" \/>\n<meta name=\"twitter:label1\" content=\"Tiempo de lectura\" \/>\n\t<meta name=\"twitter:data1\" content=\"5 minutos\" \/>\n<script type=\"application\/ld+json\" class=\"yoast-schema-graph\">{\"@context\":\"https:\\\/\\\/schema.org\",\"@graph\":[{\"@type\":\"WebPage\",\"@id\":\"https:\\\/\\\/www.westoccasion.fr\\\/es\\\/notas-legales\\\/\",\"url\":\"https:\\\/\\\/www.westoccasion.fr\\\/es\\\/notas-legales\\\/\",\"name\":\"Notas legales - West Occasion\",\"isPartOf\":{\"@id\":\"https:\\\/\\\/www.westoccasion.fr\\\/#website\"},\"datePublished\":\"2022-06-15T11:55:08+00:00\",\"dateModified\":\"2022-07-18T10:50:26+00:00\",\"breadcrumb\":{\"@id\":\"https:\\\/\\\/www.westoccasion.fr\\\/es\\\/notas-legales\\\/#breadcrumb\"},\"inLanguage\":\"es\",\"potentialAction\":[{\"@type\":\"ReadAction\",\"target\":[\"https:\\\/\\\/www.westoccasion.fr\\\/es\\\/notas-legales\\\/\"]}]},{\"@type\":\"BreadcrumbList\",\"@id\":\"https:\\\/\\\/www.westoccasion.fr\\\/es\\\/notas-legales\\\/#breadcrumb\",\"itemListElement\":[{\"@type\":\"ListItem\",\"position\":1,\"name\":\"Accueil\",\"item\":\"https:\\\/\\\/www.westoccasion.fr\\\/es\\\/\"},{\"@type\":\"ListItem\",\"position\":2,\"name\":\"Notas legales\"}]},{\"@type\":\"WebSite\",\"@id\":\"https:\\\/\\\/www.westoccasion.fr\\\/#website\",\"url\":\"https:\\\/\\\/www.westoccasion.fr\\\/\",\"name\":\"West Occasion\",\"description\":\"Mat\u00e9riels Agricoles d&#039;occasion\",\"publisher\":{\"@id\":\"https:\\\/\\\/www.westoccasion.fr\\\/#organization\"},\"potentialAction\":[{\"@type\":\"SearchAction\",\"target\":{\"@type\":\"EntryPoint\",\"urlTemplate\":\"https:\\\/\\\/www.westoccasion.fr\\\/?s={search_term_string}\"},\"query-input\":{\"@type\":\"PropertyValueSpecification\",\"valueRequired\":true,\"valueName\":\"search_term_string\"}}],\"inLanguage\":\"es\"},{\"@type\":\"Organization\",\"@id\":\"https:\\\/\\\/www.westoccasion.fr\\\/#organization\",\"name\":\"West Occasion\",\"url\":\"https:\\\/\\\/www.westoccasion.fr\\\/\",\"logo\":{\"@type\":\"ImageObject\",\"inLanguage\":\"es\",\"@id\":\"https:\\\/\\\/www.westoccasion.fr\\\/#\\\/schema\\\/logo\\\/image\\\/\",\"url\":\"https:\\\/\\\/www.westoccasion.fr\\\/wp-content\\\/uploads\\\/2022\\\/06\\\/logo-west-occassion.svg\",\"contentUrl\":\"https:\\\/\\\/www.westoccasion.fr\\\/wp-content\\\/uploads\\\/2022\\\/06\\\/logo-west-occassion.svg\",\"width\":1,\"height\":1,\"caption\":\"West Occasion\"},\"image\":{\"@id\":\"https:\\\/\\\/www.westoccasion.fr\\\/#\\\/schema\\\/logo\\\/image\\\/\"}}]}<\/script>\n<!-- \/ Yoast SEO plugin. -->","yoast_head_json":{"title":"Notas legales - West Occasion","robots":{"index":"index","follow":"follow","max-snippet":"max-snippet:-1","max-image-preview":"max-image-preview:large","max-video-preview":"max-video-preview:-1"},"canonical":"https:\/\/www.westoccasion.fr\/es\/notas-legales\/","og_locale":"es_ES","og_type":"article","og_title":"Notas legales - West Occasion","og_description":"El usuario declara haber le\u00eddo la informaci\u00f3n anterior antes de visitar el sitio www.westoccasion.com. Al elegir acceder al sitio, el [&hellip;]","og_url":"https:\/\/www.westoccasion.fr\/es\/notas-legales\/","og_site_name":"West Occasion","article_modified_time":"2022-07-18T10:50:26+00:00","twitter_card":"summary_large_image","twitter_misc":{"Tiempo de lectura":"5 minutos"},"schema":{"@context":"https:\/\/schema.org","@graph":[{"@type":"WebPage","@id":"https:\/\/www.westoccasion.fr\/es\/notas-legales\/","url":"https:\/\/www.westoccasion.fr\/es\/notas-legales\/","name":"Notas legales - West Occasion","isPartOf":{"@id":"https:\/\/www.westoccasion.fr\/#website"},"datePublished":"2022-06-15T11:55:08+00:00","dateModified":"2022-07-18T10:50:26+00:00","breadcrumb":{"@id":"https:\/\/www.westoccasion.fr\/es\/notas-legales\/#breadcrumb"},"inLanguage":"es","potentialAction":[{"@type":"ReadAction","target":["https:\/\/www.westoccasion.fr\/es\/notas-legales\/"]}]},{"@type":"BreadcrumbList","@id":"https:\/\/www.westoccasion.fr\/es\/notas-legales\/#breadcrumb","itemListElement":[{"@type":"ListItem","position":1,"name":"Accueil","item":"https:\/\/www.westoccasion.fr\/es\/"},{"@type":"ListItem","position":2,"name":"Notas legales"}]},{"@type":"WebSite","@id":"https:\/\/www.westoccasion.fr\/#website","url":"https:\/\/www.westoccasion.fr\/","name":"West Occasion","description":"Mat\u00e9riels Agricoles d&#039;occasion","publisher":{"@id":"https:\/\/www.westoccasion.fr\/#organization"},"potentialAction":[{"@type":"SearchAction","target":{"@type":"EntryPoint","urlTemplate":"https:\/\/www.westoccasion.fr\/?s={search_term_string}"},"query-input":{"@type":"PropertyValueSpecification","valueRequired":true,"valueName":"search_term_string"}}],"inLanguage":"es"},{"@type":"Organization","@id":"https:\/\/www.westoccasion.fr\/#organization","name":"West Occasion","url":"https:\/\/www.westoccasion.fr\/","logo":{"@type":"ImageObject","inLanguage":"es","@id":"https:\/\/www.westoccasion.fr\/#\/schema\/logo\/image\/","url":"https:\/\/www.westoccasion.fr\/wp-content\/uploads\/2022\/06\/logo-west-occassion.svg","contentUrl":"https:\/\/www.westoccasion.fr\/wp-content\/uploads\/2022\/06\/logo-west-occassion.svg","width":1,"height":1,"caption":"West Occasion"},"image":{"@id":"https:\/\/www.westoccasion.fr\/#\/schema\/logo\/image\/"}}]}},"_links":{"self":[{"href":"https:\/\/www.westoccasion.fr\/es\/wp-json\/wp\/v2\/pages\/6177","targetHints":{"allow":["GET"]}}],"collection":[{"href":"https:\/\/www.westoccasion.fr\/es\/wp-json\/wp\/v2\/pages"}],"about":[{"href":"https:\/\/www.westoccasion.fr\/es\/wp-json\/wp\/v2\/types\/page"}],"author":[{"embeddable":true,"href":"https:\/\/www.westoccasion.fr\/es\/wp-json\/wp\/v2\/users\/2"}],"replies":[{"embeddable":true,"href":"https:\/\/www.westoccasion.fr\/es\/wp-json\/wp\/v2\/comments?post=6177"}],"version-history":[{"count":0,"href":"https:\/\/www.westoccasion.fr\/es\/wp-json\/wp\/v2\/pages\/6177\/revisions"}],"wp:attachment":[{"href":"https:\/\/www.westoccasion.fr\/es\/wp-json\/wp\/v2\/media?parent=6177"}],"curies":[{"name":"wp","href":"https:\/\/api.w.org\/{rel}","templated":true}]}}